{"id":888865,"date":"2024-09-11T21:10:46","date_gmt":"2024-09-11T19:10:46","guid":{"rendered":"https:\/\/realestatemijas.com\/selling-property\/"},"modified":"2024-09-13T19:00:27","modified_gmt":"2024-09-13T17:00:27","slug":"sprzedaz-nieruchomosci","status":"publish","type":"page","link":"https:\/\/realestatemijas.com\/pl\/sprzedaz-nieruchomosci\/","title":{"rendered":"Sprzeda\u017c nieruchomo\u015bci"},"content":{"rendered":"<p>[vc_row][vc_column][vc_custom_heading text=&#8221;Sprzedaj nieruchomo\u015b\u0107 z nami&#8221; font_container=&#8221;tag:h1|text_align:center&#8221; use_theme_fonts=&#8221;yes&#8221;][\/vc_column][\/vc_row][vc_row][vc_column width=&#8221;1\/2&#8243;][vc_column_text]<\/p>\n<h2>Jeste\u015b we w\u0142a\u015bciwym miejscu!<\/h2>\n<p>[\/vc_column_text][vc_column_text]Rozwa\u017casz <strong>sprzeda\u017c swojej nieruchomo\u015bci w Mijas lub okolicy<\/strong>?<\/p>\n<p>W Bona Fide Costa mamy ponad 20-letnie do\u015bwiadczenie w sektorze nieruchomo\u015bci. Znamy wszystkie obszary i dzielnice wybrze\u017ca Costa del Sol, aby m\u00f3c zaoferowa\u0107 wszystkim naszym klientom, zar\u00f3wno kupuj\u0105cym, jak i sprzedaj\u0105cym, najlepsze us\u0142ugi i rekomendacje.[\/vc_column_text][\/vc_column][vc_column width=&#8221;1\/2&#8243;][vc_column_text]<\/p>\n<h2>G\u0142\u00f3wne obszary<\/h2>\n<p>[\/vc_column_text][vc_column_text]Chocia\u017c dzia\u0142amy na ca\u0142ym wybrze\u017cu Costa del Sol, nasze najbardziej wyspecjalizowane obszary obejmuj\u0105 <strong>Mijas<\/strong>, <strong>Fuengirola, Mijas Golf, Marbella, La Cala Golf, La Cala de Mijas, El Higuer\u00f3n, El Chaparral, Elviria, Las Chapas, Torreblanca i Los Boliches.<\/strong><\/p>\n<p>Mo\u017cemy jednak reklamowa\u0107 Twoj\u0105 nieruchomo\u015b\u0107 niezale\u017cnie od jej lokalizacji dzi\u0119ki naszej sieci wsp\u00f3\u0142pracownik\u00f3w i portfolio klient\u00f3w.[\/vc_column_text][\/vc_column][\/vc_row][vc_row][vc_column][vc_column_text]<\/p>\n<h2 style=\"text-align: center;\">ZALETY I KORZY\u015aCI ZE SPRZEDA\u017bY Z NAMI<\/h2>\n<p>[\/vc_column_text][vc_single_image image=&#8221;291443&#8243; img_size=&#8221;960X510&#8243; alignment=&#8221;center&#8221;][\/vc_column][\/vc_row][vc_row][vc_column width=&#8221;1\/3&#8243;][vc_column_text]<\/p>\n<h3><strong>Bez wy\u0142\u0105czno\u015bci<\/strong><\/h3>\n<p><strong>W naszej agencji nieruchomo\u015bci nie wierzymy w wy\u0142\u0105czne lub wi\u0105\u017c\u0105ce umowy.<\/strong><\/p>\n<p>Ka\u017cda nieruchomo\u015b\u0107 jest wyj\u0105tkowa i wymaga innego podej\u015bcia, dlatego zrobimy wszystko, co mo\u017cliwe, aby sprzeda\u0107 Tw\u00f3j dom w najbardziej efektywny spos\u00f3b. To nasza praca i wiemy, jak j\u0105 wykonywa\u0107.[\/vc_column_text][\/vc_column][vc_column width=&#8221;1\/3&#8243;][vc_column_text]<\/p>\n<h3><span id=\"page3R_mcid7\" class=\"markedContent\"><\/span><strong>Darmowa wycena<\/strong><\/h3>\n<p>Ustalenie w\u0142a\u015bciwej ceny nieruchomo\u015bci mo\u017ce by\u0107 skomplikowane, poniewa\u017c zale\u017cy od wielu czynnik\u00f3w, kt\u00f3re bezpo\u015brednio wp\u0142ywaj\u0105 na jej warto\u015b\u0107.<strong> Nasz zesp\u00f3\u0142 pomo\u017ce Ci wyceni\u0107 Twoj\u0105 nieruchomo\u015b\u0107 bez \u017cadnych zobowi\u0105za\u0144<\/strong>, dzi\u0119ki czemu b\u0119dziesz m\u00f3g\u0142 wybra\u0107 odpowiedni\u0105 cen\u0119 i rozpocz\u0105\u0107 sprzeda\u017c tak szybko, jak to mo\u017cliwe.[\/vc_column_text][\/vc_column][vc_column width=&#8221;1\/3&#8243;][vc_column_text]<\/p>\n<h3><strong>Nie p\u0142acisz dop\u00f3ki nie sprzedasz nieruchomo\u015bci:<\/strong><\/h3>\n<p>Reklama i marketing nieruchomo\u015bci to proces, kt\u00f3ry wymaga bada\u0144,\u00a0 koszt\u00f3w i czasu.<br \/>\nAle nie martw si\u0119, zajmiemy si\u0119 tym wszystkim.<strong> Op\u0142aty pobieramy dopiero po podpisaniu umowy sprzeda\u017cy nieruchomo\u015bci, bez \u017cadnych ukrytych koszt\u00f3w.<\/strong>[\/vc_column_text][\/vc_column][\/vc_row][vc_row][vc_column width=&#8221;1\/2&#8243;][vc_column_text]<span style=\"font-size: 14pt;\"><strong>Co potrzebujemy, aby rozpocz\u0105\u0107 sprzeda\u017c nieruchomo\u015bci<\/strong><\/span>?<\/p>\n<p>Z prawnego punktu widzenia b\u0119dziemy potrzebowa\u0107 kilku dokument\u00f3w, aby rozpocz\u0105\u0107 sprzeda\u017c nieruchomo\u015bci. Ponadto posiadanie uporz\u0105dkowanych dokument\u00f3w pomo\u017ce w szybszym i sprawniejszym przebiegu transakcji.<\/p>\n<p><strong>Na pocz\u0105tek<\/strong>:<\/p>\n<ul>\n<li><strong>Kopia dowodu to\u017csamo\u015bci<\/strong><\/li>\n<li><strong>Akt w\u0142asno\u015bci<\/strong>\u00a0 (Nota Simple)<\/li>\n<li><strong>Pokwitowanie zap\u0142aty podatku od nieruchomo\u015bci<\/strong> (Impuesto sobre bienes inmuebles lub IBI)<\/li>\n<li><strong>Pokwitowanie op\u0142aty wsp\u00f3lnotowej, je\u015bli istnieje<\/strong><\/li>\n<\/ul>\n<p>[\/vc_column_text][\/vc_column][vc_column width=&#8221;1\/2&#8243;][vc_column_text]<\/p>\n<h3><strong>Dokumentacja uzupe\u0142niaj\u0105ca:<\/strong><\/h3>\n<p>Dodatkowo b\u0119dziemy potrzebowa\u0107 nast\u0119puj\u0105cych dokument\u00f3w, aby sprzeda\u017c dosz\u0142a do skutku i bez \u017cadnych problem\u00f3w.<\/p>\n<ul>\n<li><strong>First Occupation License<\/strong> if you have one<\/li>\n<li>Kopie rachunk\u00f3w za media (<strong>pr\u0105d, woda, gas<\/strong>&#8230;)<\/li>\n<li>Szczeg\u00f3\u0142y dotycz\u0105ce <strong>statutu i administracji wsp\u00f3lnoty<\/strong><\/li>\n<li>Spis wszystkich mebli itp., kt\u00f3re zostan\u0105 uwzgl\u0119dnione w sprzeda\u017cy.<\/li>\n<li><strong>Certyfikat energetyczny<\/strong> nieruchomo\u015bci (je\u015bli go nie posiadasz, skonsultuj si\u0119 z nami)<\/li>\n<li><strong>Karta pobytu<\/strong>, je\u015bli posiadasz status rezydenta.<\/li>\n<\/ul>\n<p>[\/vc_column_text][\/vc_column][\/vc_row][vc_row][vc_column][vc_column_text]<\/p>\n<h2 style=\"text-align: center;\">OPOWIEDZ NAM O SWOJEJ NIERUCHOMO\u015aCI<\/h2>\n<p>[\/vc_column_text][\/vc_column][\/vc_row][vc_row][vc_column][vc_column_text]<\/p>\n<h2 style=\"text-align: center;\">OPOWIEDZ NAM O SWOJEJ NIERUCHOMO\u015aCI<\/h2>\n<p>[\/vc_column_text][\/vc_column][\/vc_row][vc_row][vc_column]\n<div class=\"wpcf7 no-js\" id=\"wpcf7-f2587-o1\" lang=\"en-US\" dir=\"ltr\" data-wpcf7-id=\"2587\">\n<div class=\"screen-reader-response\"><p role=\"status\" aria-live=\"polite\" aria-atomic=\"true\"><\/p> <ul><\/ul><\/div>\n<form action=\"\/pl\/wp-json\/wp\/v2\/pages\/888865#wpcf7-f2587-o1\" method=\"post\" class=\"wpcf7-form init\" aria-label=\"Contact form\" enctype=\"multipart\/form-data\" novalidate=\"novalidate\" data-status=\"init\">\n<fieldset class=\"hidden-fields-container\"><input type=\"hidden\" name=\"_wpcf7\" value=\"2587\" \/><input type=\"hidden\" name=\"_wpcf7_version\" value=\"6.1.5\" \/><input type=\"hidden\" name=\"_wpcf7_locale\" value=\"en_US\" \/><input type=\"hidden\" name=\"_wpcf7_unit_tag\" value=\"wpcf7-f2587-o1\" \/><input type=\"hidden\" name=\"_wpcf7_container_post\" value=\"0\" \/><input type=\"hidden\" name=\"_wpcf7_posted_data_hash\" value=\"\" \/>\n<\/fieldset>\n<div class=\"vc_row\">\n\t<div class=\"wpb_column vc_column_container vc_col-sm-6\">\n\t\t<div class=\"vc_column-inner\">\n\t\t\t<h2 class=\"main\">Personal info\n\t\t\t<\/h2>\n\t\t\t<p><label>Your name<span class=\"red\">*<\/span><\/label><span class=\"wpcf7-form-control-wrap\" data-name=\"your-name\"><input size=\"40\" maxlength=\"400\" class=\"wpcf7-form-control wpcf7-text wpcf7-validates-as-required\" aria-required=\"true\" aria-invalid=\"false\" value=\"\" type=\"text\" name=\"your-name\" \/><\/span>\n\t\t\t<\/p>\n\t\t\t<p><label>Email<span class=\"red\">*<\/span><\/label><span class=\"wpcf7-form-control-wrap\" data-name=\"your-email\"><input size=\"40\" maxlength=\"400\" class=\"wpcf7-form-control wpcf7-email wpcf7-validates-as-required wpcf7-text wpcf7-validates-as-email\" aria-required=\"true\" aria-invalid=\"false\" value=\"\" type=\"email\" name=\"your-email\" \/><\/span>\n\t\t\t<\/p>\n\t\t\t<p><label>Telephone<span class=\"red\">*<\/span><\/label><span class=\"wpcf7-form-control-wrap\" data-name=\"your-phone\"><input size=\"40\" maxlength=\"400\" class=\"wpcf7-form-control wpcf7-text wpcf7-validates-as-required\" aria-required=\"true\" aria-invalid=\"false\" value=\"\" type=\"text\" name=\"your-phone\" \/><\/span>\n\t\t\t<\/p>\n\t\t<\/div>\n\t<\/div>\n\t<div class=\"wpb_column vc_column_container vc_col-sm-6\">\n\t\t<div class=\"vc_column-inner\">\n\t\t\t<h2 class=\"main\">Property details\n\t\t\t<\/h2>\n\t\t\t<p><label>Property type<span class=\"red\">*<\/span><\/label><span class=\"wpcf7-form-control-wrap\" data-name=\"ptype\"><input size=\"40\" maxlength=\"400\" class=\"wpcf7-form-control wpcf7-text wpcf7-validates-as-required\" aria-required=\"true\" aria-invalid=\"false\" value=\"\" type=\"text\" name=\"ptype\" \/><\/span>\n\t\t\t<\/p>\n\t\t\t<p><label>Address<span class=\"red\">*<\/span><\/label><span class=\"wpcf7-form-control-wrap\" data-name=\"paddr\"><input size=\"40\" maxlength=\"400\" class=\"wpcf7-form-control wpcf7-text wpcf7-validates-as-required\" aria-required=\"true\" aria-invalid=\"false\" value=\"\" type=\"text\" name=\"paddr\" \/><\/span>\n\t\t\t<\/p>\n\t\t\t<div class=\"vc_row\" style=\"margin-top:-14px\">\n\t\t\t\t<div class=\"wpb_column vc_column_container vc_col-sm-6\">\n\t\t\t\t\t<div class=\"vc_column-inner\">\n\t\t\t\t\t\t<p><label>Bedrooms<\/label><span class=\"wpcf7-form-control-wrap\" data-name=\"pbeds\"><input size=\"40\" maxlength=\"400\" class=\"wpcf7-form-control wpcf7-text\" aria-invalid=\"false\" value=\"\" type=\"text\" name=\"pbeds\" \/><\/span>\n\t\t\t\t\t\t<\/p>\n\t\t\t\t\t<\/div>\n\t\t\t\t<\/div>\n\t\t\t\t<div class=\"wpb_column vc_column_container vc_col-sm-6\">\n\t\t\t\t\t<div class=\"vc_column-inner\">\n\t\t\t\t\t\t<p><label>Bathrooms<\/label><span class=\"wpcf7-form-control-wrap\" data-name=\"pbaths\"><input size=\"40\" maxlength=\"400\" class=\"wpcf7-form-control wpcf7-text\" aria-invalid=\"false\" value=\"\" type=\"text\" name=\"pbaths\" \/><\/span>\n\t\t\t\t\t\t<\/p>\n\t\t\t\t\t<\/div>\n\t\t\t\t<\/div>\n\t\t\t<\/div>\n\t\t<\/div>\n\t<\/div>\n<\/div>\n<p><label>Property description<span class=\"red\">*<\/span><\/label><span class=\"wpcf7-form-control-wrap\" data-name=\"pdesc\"><textarea cols=\"40\" rows=\"10\" maxlength=\"2000\" class=\"wpcf7-form-control wpcf7-textarea wpcf7-validates-as-required\" aria-required=\"true\" aria-invalid=\"false\" name=\"pdesc\"><\/textarea><\/span>\n<\/p>\n<div class=\"vc_row\" style=\"margin-top:-9px\">\n\t<div class=\"wpb_column vc_column_container vc_col-sm-3\">\n\t\t<div class=\"vc_column-inner\">\n\t\t\t<p><label for=\"pfile1\">Photo 1<\/label><span class=\"wpcf7-form-control-wrap\" data-name=\"pfile1\"><input size=\"40\" class=\"wpcf7-form-control wpcf7-file\" id=\"pfiel1\" accept=\".jpg,.jpeg,.png\" aria-invalid=\"false\" type=\"file\" name=\"pfile1\" \/><\/span>\n\t\t\t<\/p>\n\t\t<\/div>\n\t<\/div>\n\t<div class=\"wpb_column vc_column_container vc_col-sm-3\">\n\t\t<div class=\"vc_column-inner\">\n\t\t\t<p><label for=\"pfile2\">Photo 2<\/label><span class=\"wpcf7-form-control-wrap\" data-name=\"pfile2\"><input size=\"40\" class=\"wpcf7-form-control wpcf7-file\" id=\"pfiel2\" accept=\".jpg,.jpeg,.png\" aria-invalid=\"false\" type=\"file\" name=\"pfile2\" \/><\/span>\n\t\t\t<\/p>\n\t\t<\/div>\n\t<\/div>\n\t<div class=\"wpb_column vc_column_container vc_col-sm-6\">\n\t\t<div class=\"vc_column-inner\">\n\t\t\t<div class=\"accept\">\n\t\t\t\t<p><span class=\"wpcf7-form-control-wrap\" data-name=\"acceptance\"><span class=\"wpcf7-form-control wpcf7-acceptance\"><span class=\"wpcf7-list-item\"><label><input type=\"checkbox\" name=\"acceptance\" value=\"1\" aria-invalid=\"false\" \/><span class=\"wpcf7-list-item-label\">Please accept our <a href=\"\/legal-terms\/\">terms and conditions<\/a><\/span><\/label><\/span><\/span><\/span>\n\t\t\t\t<\/p>\n\t\t\t<\/div>\n\t\t\t<div class=\"cl\">\n\t\t\t<\/div>\n\t\t\t<p><input class=\"wpcf7-form-control wpcf7-submit has-spinner button\" type=\"submit\" value=\"Send\" \/>\n\t\t\t<\/p>\n\t\t<\/div>\n\t<\/div>\n<\/div><div class=\"wpcf7-response-output\" aria-hidden=\"true\"><\/div>\n<\/form>\n<\/div>\n[\/vc_column][\/vc_row]<\/p>\n","protected":false},"excerpt":{"rendered":"<p>[vc_row][vc_column][vc_custom_heading text=&#8221;Sprzedaj nieruchomo\u015b\u0107 z nami&#8221; font_container=&#8221;tag:h1|text_align:center&#8221; use_theme_fonts=&#8221;yes&#8221;][\/vc_column][\/vc_row][vc_row][vc_column width=&#8221;1\/2&#8243;][vc_column_text] Jeste\u015b we w\u0142a\u015bciwym miejscu! [\/vc_column_text][vc_column_text]Rozwa\u017casz sprzeda\u017c swojej nieruchomo\u015bci w Mijas lub okolicy? W Bona Fide Costa mamy ponad 20-letnie do\u015bwiadczenie w sektorze nieruchomo\u015bci. Znamy wszystkie obszary i dzielnice wybrze\u017ca Costa del Sol, aby m\u00f3c zaoferowa\u0107 wszystkim naszym [&hellip;]<\/p>\n","protected":false},"author":4,"featured_media":0,"parent":0,"menu_order":2,"comment_status":"closed","ping_status":"closed","template":"","meta":{"footnotes":""},"class_list":["post-888865","page","type-page","status-publish","hentry"],"_links":{"self":[{"href":"https:\/\/realestatemijas.com\/pl\/wp-json\/wp\/v2\/pages\/888865","targetHints":{"allow":["GET"]}}],"collection":[{"href":"https:\/\/realestatemijas.com\/pl\/wp-json\/wp\/v2\/pages"}],"about":[{"href":"https:\/\/realestatemijas.com\/pl\/wp-json\/wp\/v2\/types\/page"}],"author":[{"embeddable":true,"href":"https:\/\/realestatemijas.com\/pl\/wp-json\/wp\/v2\/users\/4"}],"replies":[{"embeddable":true,"href":"https:\/\/realestatemijas.com\/pl\/wp-json\/wp\/v2\/comments?post=888865"}],"version-history":[{"count":0,"href":"https:\/\/realestatemijas.com\/pl\/wp-json\/wp\/v2\/pages\/888865\/revisions"}],"wp:attachment":[{"href":"https:\/\/realestatemijas.com\/pl\/wp-json\/wp\/v2\/media?parent=888865"}],"curies":[{"name":"wp","href":"https:\/\/api.w.org\/{rel}","templated":true}]}}