{"id":825863,"date":"2023-03-08T10:42:53","date_gmt":"2023-03-08T09:42:53","guid":{"rendered":"https:\/\/realestatemijas.com\/properties-for-sale-in-el-chaparral\/"},"modified":"2024-09-16T16:50:25","modified_gmt":"2024-09-16T14:50:25","slug":"nieruchomosci-na-sprzedaz-w-el-chaparral","status":"publish","type":"page","link":"https:\/\/realestatemijas.com\/pl\/nieruchomosci-na-sprzedaz-w-el-chaparral\/","title":{"rendered":"Nieruchomo\u015bci na sprzeda\u017c w El Chaparral 2024"},"content":{"rendered":"<p>[vc_row][vc_column][vc_custom_heading text=&#8221;Nieruchomo\u015bci na sprzeda\u017c w El Chaparral&#8221; font_container=&#8221;tag:h1|text_align:center&#8221; use_theme_fonts=&#8221;yes&#8221;][vc_btn title=&#8221;Sprawd\u017a nasze nieruchomo\u015bci !&#8221; color=&#8221;blue&#8221; align=&#8221;center&#8221; link=&#8221;url:%23properties&#8221;][\/vc_column][\/vc_row][vc_row][vc_column width=&#8221;1\/2&#8243;][vc_column_text]<span style=\"font-size: 14pt;\"><strong>Poznaj dzielnic\u0119 El Chaparral<\/strong><\/span><\/p>\n<p>Poszukiwanie nieruchomo\u015bci na sprzeda\u017c w El Chaparral de Mijas mo\u017ce wydawa\u0107 si\u0119 wyzwaniem, ale w rzeczywisto\u015bci jest okazj\u0105 do znalezienia idealnego domu na Costa del Sol.<\/p>\n<p>Dzielnica El Chaparral znajduje si\u0119 zaledwie 5 minut jazdy od La Cala de Mijas. W zale\u017cno\u015bci, o kt\u00f3rej cz\u0119\u015bci Chaparral m\u00f3wimy odleg\u0142o\u015b\u0107 do pla\u017cy mo\u017ce liczy\u0107 5 minut spacerem\u00a0 lub 5 minut samochodem.<\/p>\n<p>Dzi\u0119ki pi\u0119knym pla\u017com, ciep\u0142ej pogodzie i szerokiej gamie opcji mieszkaniowych, El Chaparral de Mijas jest doskona\u0142ym wyborem dla os\u00f3b poszukuj\u0105cych relaksuj\u0105cego \u017cycia na wybrze\u017cu.<\/p>\n<p>Je\u015bli jeste\u015b zainteresowany, zbadamy dla Ciebie najlepsze opcje nieruchomo\u015bci na sprzeda\u017c w El Chaparral de Mijas i dostarczymy Ci przydatnych informacji, kt\u00f3re pomog\u0105 w poszukiwaniach.<\/p>\n<p>El Chaparral jest alternatyw\u0105 dla os\u00f3b, kt\u00f3re uwa\u017caj\u0105 miasteczko La Cala za zbyt zat\u0142oczone. Dla tych os\u00f3b El Chaparral jest idealnym rozwi\u0105zaniem ze wzgl\u0119du na prywatno\u015bci i zacisze jakie oferuje.[\/vc_column_text][\/vc_column][vc_column width=&#8221;1\/2&#8243;][vc_column_text]<\/p>\n<h3>Znajd\u017a saw\u00f3j idealny dom w\u00a0 El Chaparral de Mijas<\/h3>\n<p>Jako jeden z najpi\u0119kniejszych obszar\u00f3w Costa del Sol, Chaparral de Mijas s\u0142ynie z pi\u0119knych pla\u017c, doskona\u0142ej pogody i relaksuj\u0105cej atmosfery.<\/p>\n<p>Je\u015bli szukasz mieszkania na sprzeda\u017c w El Chaparral de Mijas, kilka opcji mo\u017ce ci\u0119 zainteresowa\u0107:<\/p>\n<ul>\n<li><strong>Apartamenty na sprzeda\u017c<\/strong> <strong>w Chaparral de Mijas<\/strong> &#8211; Je\u015bli szukasz bardziej kompaktowej opcji mieszkaniowej, apartament na sprzeda\u017c w Chaparral de Mijas mo\u017ce by\u0107 doskona\u0142ym wyborem. Z opcjami od studi\u00f3w po apartamenty z wieloma sypialniami, jest co\u015b na ka\u017cdy gust i bud\u017cet.<\/li>\n<li><strong>Kamienice na sprzeda\u017c w El Chaparral de Mijas<\/strong> &#8211; Dla tych, kt\u00f3rzy szukaj\u0105 nieco wi\u0119cej przestrzeni i prywatno\u015bci, kamienica na sprzeda\u017c w Chaparral de Mijas mo\u017ce by\u0107 idealnym rozwi\u0105zaniem. Te kamienice cz\u0119sto maj\u0105 ogrody i obszary wsp\u00f3lne, co czyni je idealnymi dla rodzin.<\/li>\n<li><strong>Wille na sprzeda\u017c w El Chaparral de Mijas<\/strong> &#8211; Je\u015bli szukasz bardziej ekskluzywnej opcji mieszkaniowej, willa na sprzeda\u017c w Chaparral de Mijas mo\u017ce by\u0107 idealnym wyborem. Dzi\u0119ki przestronnym ogrodom, prywatnym basenom i spektakularnym widokom na morze, domy te s\u0105 idealne dla os\u00f3b poszukuj\u0105cych luksusu i komfortu.<\/li>\n<\/ul>\n<p>[\/vc_column_text][\/vc_column][\/vc_row][vc_row][vc_column width=&#8221;1\/2&#8243;][vc_column_text]<\/p>\n<h3>Wskaz\u00f3wki dotycz\u0105ce kupna w El Chaparral de Mijas<\/h3>\n<p>Je\u015bli chcesz kupi\u0107 dom na sprzeda\u017c w El Chaparral de Mijas, wa\u017cne jest, aby wzi\u0105\u0107 pod uwag\u0119 kilka przydatnych wskaz\u00f3wek:<\/p>\n<p><strong>Okre\u015bl sw\u00f3j bud\u017cet<\/strong>: Zanim zaczniesz szuka\u0107 domu, upewnij si\u0119, \u017ce masz jasny obraz tego, ile mo\u017cesz wyda\u0107.<\/p>\n<p><strong>Por\u00f3wnaj ceny<\/strong>: Zbadaj i por\u00f3wnaj ceny dom\u00f3w na sprzeda\u017c w Chaparral de Mijas, aby upewni\u0107 si\u0119, \u017ce otrzymasz dobr\u0105 ofert\u0119.<\/p>\n<p><strong>Poszukaj idealnej lokalizacji<\/strong>: Upewnij si\u0119, \u017ce wybierasz dom, kt\u00f3ry znajduje si\u0119 w dobrej lokalizacji dla Ciebie i Twojej rodziny.<\/p>\n<p><strong>Zasi\u0119gnij profesjonalnej porady<\/strong>: Je\u015bli nie masz pewno\u015bci, jak post\u0119powa\u0107, dobrym pomys\u0142em jest zasi\u0119gni\u0119cie profesjonalnej porady u zaufanego agenta nieruchomo\u015bci.<\/p>\n<p><strong>Zbadaj okolic\u0119<\/strong>: Zanim podejmiesz decyzj\u0119, zbadaj okolic\u0119, w kt\u00f3rej znajduje si\u0119 dom, kt\u00f3rym jeste\u015b zainteresowany. Poszukaj informacji na temat bezpiecze\u0144stwa, transportu, us\u0142ug publicznych i jako\u015bci \u017cycia w okolicy.<\/p>\n<p><strong>Sprawd\u017a stan domu<\/strong>: Wa\u017cne jest, aby przed zakupem sprawdzi\u0107 stan domu, kt\u00f3rym jeste\u015b zainteresowany. Upewnij si\u0119, \u017ce nie ma \u017cadnych problem\u00f3w strukturalnych lub hydraulicznych, kt\u00f3re mog\u0142yby wp\u0142yn\u0105\u0107 na jego d\u0142ugoterminow\u0105 warto\u015b\u0107.<\/p>\n<p><strong>Zrozumienie dodatkowych koszt\u00f3w<\/strong>: Opr\u00f3cz ceny domu, wa\u017cne jest, aby wzi\u0105\u0107 pod uwag\u0119 dodatkowe koszty, takie jak koszty zamkni\u0119cia kontraktu, podatki i koszty utrzymania.[\/vc_column_text][\/vc_column][vc_column width=&#8221;1\/2&#8243;][vc_column_text]<\/p>\n<h3>Nie przegap pola golfowego El Chaparral.<\/h3>\n<p>Je\u015bli jeste\u015b entuzjast\u0105 gry w golfa i szukasz wymarzonego miejsca na Costa del Sol, po\u0142o\u017cone w jednym z najbardziej uprzywilejowanych obszar\u00f3w wybrze\u017ca Malagi, to 18-do\u0142kowe pole golfowe jest znane ze swojego naturalnego pi\u0119kna i unikalnego projektu, dzi\u0119ki czemu jest niezapomnianym prze\u017cyciem dla ka\u017cdego gracza.<\/p>\n<h4>Charakterystyka\u00a0 pola golfowego El Chaparral<\/h4>\n<p>Pole golfowe El Chaparral ma 18 do\u0142k\u00f3w i zosta\u0142o zaprojektowane tak, aby stanowi\u0107 wyzwanie dla graczy na wszystkich poziomach umiej\u0119tno\u015bci. Do\u0142ki r\u00f3\u017cni\u0105 si\u0119 odleg\u0142o\u015bci\u0105 i trudno\u015bci\u0105, co oznacza, \u017ce ka\u017cdy do\u0142ek oferuje wyj\u0105tkowe i ekscytuj\u0105ce do\u015bwiadczenie.<\/p>\n<p>Jedn\u0105 z g\u0142\u00f3wnych cech tego pola golfowego jest jego lokalizacja. Po\u0142o\u017cone na wzg\u00f3rzu nad morzem, El Chaparral oferuje wspania\u0142e widoki na Morze \u015ar\u00f3dziemne i pobliskie g\u00f3ry. Ponadto pole golfowe otoczone jest bujn\u0105 \u015br\u00f3dziemnomorsk\u0105 ro\u015blinno\u015bci\u0105, dodaj\u0105c odrobin\u0119 natury i spokoju do wra\u017ce\u0144 z gry.<\/p>\n<p>Projekt pola golfowego jest r\u00f3wnie\u017c jedn\u0105 z jego najbardziej charakterystycznych cech. Architekt Pepe Gancedo stworzy\u0142 pole, kt\u00f3re doskonale dostosowuje si\u0119 do naturalnej topografii terenu, z pofa\u0142dowanymi \u015bcie\u017ckami, strategicznie rozmieszczonymi przeszkodami i starannie zaprojektowanymi obszarami zieleni. Wszystko to tworzy ekscytuj\u0105ce i wyj\u0105tkowe wyzwanie dla golfist\u00f3w na wszystkich poziomach umiej\u0119tno\u015bci.[\/vc_column_text][\/vc_column][\/vc_row][vc_row el_id=&#8221;properties&#8221;][vc_column][vc_toggle title=&#8221;Cz\u0119sto zadawane pytania:&#8221; color=&#8221;blue&#8221; size=&#8221;lg&#8221;]<\/p>\n<h3>Jaka jest \u015brednia cena nieruchomo\u015bci na sprzeda\u017c w El Chaparral de Mijas??<\/h3>\n<p>\u015arednia cena nieruchomo\u015bci na sprzeda\u017c w El Chaparral de Mijas r\u00f3\u017cni si\u0119 w zale\u017cno\u015bci od rodzaju nieruchomo\u015bci i jej lokalizacji.<\/p>\n<p>Mo\u017cna jednak znale\u017a\u0107 opcje od 100 000 \u20ac do 1 000 000 \u20ac lub wi\u0119cej, w zale\u017cno\u015bci od potrzeb i bud\u017cetu.<\/p>\n<h3>Czy El Chaparral de Mijas to dobre miejsce do zamieszkania?<\/h3>\n<p>Tak, Chaparral\u00a0 to doskona\u0142y wyb\u00f3r dla os\u00f3b szukaj\u0105cych relaksuj\u0105cego \u017cycia na wybrze\u017cu.<\/p>\n<p>Z pi\u0119knymi pla\u017cami, doskona\u0142ymi restauracjami i przyjazn\u0105 atmosfer\u0105, jest to idealne miejsce do osiedlenia si\u0119.<\/p>\n<h3>Czy mog\u0119 znale\u017a\u0107 nieruchomo\u015bci na sprzeda\u017c w El Chaparral de Mijas z widokiem na morze?<\/h3>\n<p>Tak, istnieje wiele opcji dom\u00f3w na sprzeda\u017c w Chaparral de Mijas, kt\u00f3re oferuj\u0105 spektakularne widoki na morze.<\/p>\n<p>Niezale\u017cnie od tego, czy jest to apartament, kamienica czy willa, wiele nieruchomo\u015bci oferuje widoki na morze i wybrze\u017ce.<\/p>\n<h3>Jakie us\u0142ugi i udogodnienia oferuje okolica El Chaparral de Mijas??<\/h3>\n<p>Chaparral de Mijas oferuje szerok\u0105 gam\u0119 us\u0142ug i udogodnie\u0144, w tym sklepy, restauracje, bary, centra sportowe, szko\u0142y i wiele innych.<\/p>\n<p>Ponadto blisko\u015b\u0107 innych popularnych obszar\u00f3w, takich jak Fuengirola i Marbella, zapewnia jeszcze wi\u0119cej opcji.[\/vc_toggle][\/vc_column][\/vc_row]<\/p>\n","protected":false},"excerpt":{"rendered":"<p>[vc_row][vc_column][vc_custom_heading text=&#8221;Nieruchomo\u015bci na sprzeda\u017c w El Chaparral&#8221; font_container=&#8221;tag:h1|text_align:center&#8221; use_theme_fonts=&#8221;yes&#8221;][vc_btn title=&#8221;Sprawd\u017a nasze nieruchomo\u015bci !&#8221; color=&#8221;blue&#8221; align=&#8221;center&#8221; link=&#8221;url:%23properties&#8221;][\/vc_column][\/vc_row][vc_row][vc_column width=&#8221;1\/2&#8243;][vc_column_text]Poznaj dzielnic\u0119 El Chaparral Poszukiwanie nieruchomo\u015bci na sprzeda\u017c w El Chaparral de Mijas mo\u017ce wydawa\u0107 si\u0119 wyzwaniem, ale w rzeczywisto\u015bci jest okazj\u0105 do znalezienia idealnego domu na Costa del [&hellip;]<\/p>\n","protected":false},"author":3,"featured_media":825864,"parent":0,"menu_order":0,"comment_status":"closed","ping_status":"closed","template":"template-property.php","meta":{"footnotes":""},"class_list":["post-825863","page","type-page","status-publish","has-post-thumbnail","hentry"],"_links":{"self":[{"href":"https:\/\/realestatemijas.com\/pl\/wp-json\/wp\/v2\/pages\/825863","targetHints":{"allow":["GET"]}}],"collection":[{"href":"https:\/\/realestatemijas.com\/pl\/wp-json\/wp\/v2\/pages"}],"about":[{"href":"https:\/\/realestatemijas.com\/pl\/wp-json\/wp\/v2\/types\/page"}],"author":[{"embeddable":true,"href":"https:\/\/realestatemijas.com\/pl\/wp-json\/wp\/v2\/users\/3"}],"replies":[{"embeddable":true,"href":"https:\/\/realestatemijas.com\/pl\/wp-json\/wp\/v2\/comments?post=825863"}],"version-history":[{"count":0,"href":"https:\/\/realestatemijas.com\/pl\/wp-json\/wp\/v2\/pages\/825863\/revisions"}],"wp:featuredmedia":[{"embeddable":true,"href":"https:\/\/realestatemijas.com\/pl\/wp-json\/"}],"wp:attachment":[{"href":"https:\/\/realestatemijas.com\/pl\/wp-json\/wp\/v2\/media?parent=825863"}],"curies":[{"name":"wp","href":"https:\/\/api.w.org\/{rel}","templated":true}]}}