{"id":824389,"date":"2023-03-21T11:27:14","date_gmt":"2023-03-21T10:27:14","guid":{"rendered":"https:\/\/realestatemijas.com\/about-us\/"},"modified":"2024-09-16T15:32:02","modified_gmt":"2024-09-16T13:32:02","slug":"poznaj-nasza-ekipe","status":"publish","type":"page","link":"https:\/\/realestatemijas.com\/pl\/poznaj-nasza-ekipe\/","title":{"rendered":"Poznaj nasz\u0105 ekip\u0119"},"content":{"rendered":"<p>[vc_row][vc_column][vc_column_text]<\/p>\n<h1>Poznaj nas bli\u017cej!<\/h1>\n<p>[\/vc_column_text][vc_row_inner content_placement=&#8221;middle&#8221;][vc_column_inner][vc_column_text]<\/p>\n<h2>Nasze biuro nieruchomo\u015bci w la Cala de Mijas<\/h2>\n<p>Witamy w naszej licencjinowanej agencji nieruchomo\u015bci, z ponad 20-letnim do\u015bwiadczeniem w <strong><a href=\"https:\/\/realestatemijas.com\/property-sales\/\">sprzeda\u017cy i kupnie nieruchomo\u015bci na Costa del Sol<\/a><\/strong>. Jeste\u015bmy dumni z tego, \u017ce jeste\u015bmy firm\u0105 o ugruntowanej pozycji w <strong><a href=\"https:\/\/realestatemijas.com\/properties\/la-cala-de-mijas\/\">La Cala de Mijas<\/a><\/strong>, co dzi\u0119ki doskona\u0142ej znajomo\u015b\u0107 okolicy i pozwala nam na oferowanie naszym klientom najlepszych mo\u017cliwych produkt\u00f3w.<\/p>\n<p>Je\u015bli pragniesz kupi\u0107 lub <strong><a href=\"https:\/\/realestatemijas.com\/selling-property\/\">sprzeda\u0107 nieruchomo\u015b\u0107 na Costa del Sol<\/a><\/strong>, jeste\u015bmy tu aby ci pom\u00f3c . Specjalizujemy si\u0119 w regionie <strong><a href=\"https:\/\/realestatemijas.com\/properties\/la-cala-de-mijas\/\">La Cala de Mijas<\/a><\/strong>, <strong><a href=\"https:\/\/realestatemijas.com\/properties\/marbella\/\">Marbella<\/a><\/strong>, i Fuengirola, ale pracujemy r\u00f3wnie\u017c na ca\u0142ym wybrze\u017cu Costa del Sol. Jeste\u015bmy zespo\u0142em ekspert\u00f3w w dziedzinie nieruchomo\u015bci, kt\u00f3rzy przeprowadz\u0105 Ci\u0119 przez ca\u0142y proces kupna lub sprzeda\u017cy.<\/p>\n<p>Jedn\u0105 z zalet wsp\u00f3\u0142pracy z naszym biurem jest to, \u017ce bardzo dobrze znamy obszar, w kt\u00f3rym pracujemy. Wiemy, kt\u00f3re nieruchomo\u015bci s\u0105 dost\u0119pne, jakie s\u0105 ceny rynkowe i jak negocjowa\u0107 ze sprzedaj\u0105cymi. Nasza lokalna wiedza jest niezr\u00f3wnana, co pozwala nam oferowa\u0107 naszym klientom wysokiej jako\u015bci us\u0142ugi.<\/p>\n<p>W Bona Fide Costa, skupiamy si\u0119 na kupnie i spreda\u017cy nieruchomo\u015bci. Sprzedajemy\u00a0 <strong><a href=\"https:\/\/realestatemijas.com\/properties\/mijas\/apartments\/\">apartamenty<\/a><\/strong>, domy, <strong><a href=\"https:\/\/realestatemijas.com\/new-developments\/\">nowe projekty deweloperskie<\/a><\/strong>, <strong><a href=\"https:\/\/realestatemijas.com\/properties\/marbella\/villas\/\">luksusowe wille<\/a><\/strong>, dzia\u0142ki pod budow\u0119 , i wiele wi\u0119cej. Je\u015bli szukasz <span style=\"color: #ff0000;\">nieruchomo\u015bci na Costa del Sol<\/span>, mo\u017cemy pom\u00f3c Ci znale\u017a\u0107 idealn\u0105 nieruchomo\u015b\u0107 dla Ciebie. Z drugiej strony, je\u015bli chcesz sprzeda\u0107 swoj\u0105 nieruchomo\u015b\u0107, mo\u017cemy pom\u00f3c Ci znale\u017a\u0107 odpowiedniego nabywc\u0119 i zapewni\u0107, \u017ce otrzymasz za ni\u0105 najlepsz\u0105 mo\u017cliw\u0105 cen\u0119.<\/p>\n<p>W Bona Fide Costa jeste\u015bmy dumni z bycia zaufan\u0105 i szanowan\u0105 agencj\u0105 nieruchomo\u015bci na wybrze\u017cu Costa del Sol. Zbudowali\u015bmy solidn\u0105 reputacj\u0119 dzi\u0119ki naszej etyce pracy i podej\u015bciu zorientowanemu na klienta. Staramy si\u0119 zaspokaja\u0107 potrzeby naszych klient\u00f3w i zapewnia\u0107 im poczucie komfortu i bezpiecze\u0144stwa podczas ca\u0142ego procesu kupna lub sprzeda\u017cy.<\/p>\n<p>Je\u015bli szukasz niezawodnej agencji nieruchomo\u015bci na Costa del Sol, przyjd\u017a do naszego biura. Jeste\u015bmy tutaj, aby pom\u00f3c Ci we wszystkim, czego potrzebujesz. Mo\u017cemy wyceni\u0107 i sprzeda\u0107 Twoj\u0105 nieruchomo\u015b\u0107 w Mijas, co oznacza, \u017ce nie musisz si\u0119 o nic martwi\u0107. Zajmiemy si\u0119 ca\u0142ym procesem sprzeda\u017cy, od wyceny nieruchomo\u015bci po negocjacje z kupuj\u0105cymi.[\/vc_column_text][\/vc_column_inner][\/vc_row_inner][vc_row_inner][vc_column_inner width=&#8221;1\/2&#8243;][vc_single_image image=&#8221;328164&#8243; img_size=&#8221;large&#8221;][\/vc_column_inner][vc_column_inner width=&#8221;1\/2&#8243;][vc_column_text]<\/p>\n<h2>Dolores Perujo<\/h2>\n<p>Dolores Perujo jest wysoce <strong>do\u015bwiadczonym prawnikiem<\/strong> w naszym zespole, wnosz\u0105cym do naszej firmy bogat\u0105 wiedz\u0119 i do\u015bwiadczenie.<\/p>\n<p>Studia prawnicze rozpocz\u0119\u0142a w Londynie, nast\u0119pnie uko\u0144czy\u0142a je na Uniwersytecie w Maladze.<\/p>\n<p>Sp\u0119dzi\u0142a niezwyk\u0142e 15 lat pracuj\u0105c w Wielkiej Brytanii, gdzie zdoby\u0142a cenne do\u015bwiadczenie w zakresie <strong>przenoszenia w\u0142asno\u015bci, spadk\u00f3w, testament\u00f3w i prawa mi\u0119dzynarodowego<\/strong>.<\/p>\n<p>W 1999 r. Dolores podj\u0119\u0142a decyzj\u0119 o za\u0142o\u017ceniu w\u0142asnej kancelarii prawnej w Hiszpanii, a konkretnie na Costa del Sol.<\/p>\n<p>W naszej firmie jeste\u015bmy zaanga\u017cowani w \u015bwiadczenie spersonalizowanej i ekskluzywnej pomocy z najwy\u017cszym profesjonalizmem i staranno\u015bci\u0105.<\/p>\n<div class=\"flex-1 overflow-hidden\">\n<div class=\"react-scroll-to-bottom--css-lopiy-79elbk h-full dark:bg-gray-800\">\n<div class=\"react-scroll-to-bottom--css-lopiy-1n7m0yu\">\n<div class=\"flex flex-col items-center text-sm dark:bg-gray-800\">\n<div class=\"group w-full text-gray-800 dark:text-gray-100 border-b border-black\/10 dark:border-gray-900\/50 bg-gray-50 dark:bg-[#444654] sm:AIPRM__conversation__response\">\n<div class=\"flex p-4 gap-4 text-base md:gap-6 md:max-w-2xl lg:max-w-xl xl:max-w-3xl md:py-6 lg:px-0 m-auto\">\n<div class=\"relative flex flex-col w-[calc(100%-50px)] gap-1 md:gap-3 lg:w-[calc(100%-115px)]\">\n<div class=\"flex flex-grow flex-col gap-3\">\n<div class=\"min-h-[20px] flex flex-col items-start gap-4 whitespace-pre-wrap break-words\">\n<div class=\"markdown prose w-full break-words dark:prose-invert dark AIPRM__conversation__response\">\n<p>Dzi\u0119ki zaanga\u017cowaniu Dolores Perujo i naszego zespo\u0142u w d\u0105\u017cenie do doskona\u0142o\u015bci, staramy si\u0119 \u015bwiadczy\u0107 wyj\u0105tkowe us\u0142ugi prawne, upewniaj\u0105c si\u0119, \u017ce potrzeby naszych klient\u00f3w s\u0105 zaspokajane z profesjonalizmem, trosk\u0105 i skuteczno\u015bci\u0105.<\/p>\n<p><strong><a href=\"https:\/\/realestatemijas.com\/lawyers-in-la-cala-de-mijas\/\">Sprawd\u017a wszystkie nasze mo\u017cliwo\u015bci<\/a><\/strong><\/p>\n<\/div>\n<\/div>\n<\/div>\n<\/div>\n<\/div>\n<\/div>\n<\/div>\n<\/div>\n<\/div>\n<\/div>\n<p>[\/vc_column_text][vc_btn title=&#8221;Skontaktuj si\u0119 z Dolores Perujo&#8221; color=&#8221;warning&#8221; i_icon_fontawesome=&#8221;fas fa-envelope&#8221; add_icon=&#8221;true&#8221; link=&#8221;url:mailto%3Abonafide%40bonafidecosta.es|title:Dolores%20Perujo%20Lawyer%20Email&#8221;][\/vc_column_inner][\/vc_row_inner][vc_row_inner][vc_column_inner width=&#8221;1\/2&#8243;][vc_single_image image=&#8221;338973&#8243; img_size=&#8221;large&#8221;][\/vc_column_inner][vc_column_inner width=&#8221;1\/2&#8243;][vc_column_text]<\/p>\n<h2>Maria del Mar Espa\u00f1a<\/h2>\n<p>Mar\u00eda del Mar jest fundamentaln\u0105 cz\u0119\u015bci\u0105 naszego zespo\u0142u. Dzi\u0119ki ponad 20-letniemu do\u015bwiadczeniu na rynku pracy udowodni\u0142a, \u017ce jest wybitnym profesjonalist\u0105 w r\u00f3\u017cnych dziedzinach. Jej wytrwa\u0142o\u015b\u0107, determinacja i konsekwencja to cechy, kt\u00f3re j\u0105 wyr\u00f3\u017cniaj\u0105.<\/p>\n<p>Dzi\u0119ki rozleg\u0142emu wykszta\u0142ceniu w dziedzinie ekonomii i rachunkowo\u015bci pe\u0142ni\u0142a wa\u017cne funkcje w banku, firmie doradztwa podatkowego i przedsi\u0119biorstwie u\u017cyteczno\u015bci publicznej, zajmuj\u0105c si\u0119 zadaniami finansowymi. Jej wiedza w tych obszarach pozwoli\u0142a jej na wszechstronne zrozumienie proces\u00f3w i wyj\u0105tkow\u0105 umiej\u0119tno\u015b\u0107 pos\u0142ugiwania si\u0119 liczbami i analizami.<\/p>\n<p>Obecnie w naszej kancelarii prawnej i agencji nieruchomo\u015bci Mar\u00eda del Mar odgrywa fundamentaln\u0105 rol\u0119 w zarz\u0105dzaniu dokumentacj\u0105 zwi\u0105zan\u0105 ze sprzeda\u017c\u0105, spadkami i podatkami. Jej do\u015bwiadczenie i skrupulatno\u015b\u0107 zapewniaj\u0105, \u017ce wszystkie procedury i formalno\u015bci s\u0105 przeprowadzane sprawnie i dok\u0142adnie.<\/p>\n<p>Maj\u0105c Mar\u00ed\u0119 del Mar w naszym zespole, mamy pe\u0142ne zaufanie, \u017ce wszystkie procesy i zadania zostan\u0105 pomy\u015blnie zrealizowane. Jej d\u0105\u017cenie do doskona\u0142o\u015bci i <strong>umiej\u0119tno\u015bci rozwi\u0105zywania problem\u00f3w<\/strong> s\u0105 prawdziwym atutem dla naszej organizacji. Cieszymy si\u0119, \u017ce jest cz\u0119\u015bci\u0105 naszego zespo\u0142u.[\/vc_column_text][vc_btn title=&#8221;Skontaktuj si\u0119 z Mari\u0105 del Mar&#8221; color=&#8221;warning&#8221; i_icon_fontawesome=&#8221;fas fa-envelope&#8221; add_icon=&#8221;true&#8221; link=&#8221;url:mailto%3Abonafide%40bonafidecosta.es|title:Dolores%20Perujo%20Lawyer%20Email&#8221;][\/vc_column_inner][\/vc_row_inner][vc_row_inner][vc_column_inner width=&#8221;1\/2&#8243;][vc_single_image image=&#8221;888999&#8243; img_size=&#8221;large&#8221;][\/vc_column_inner][vc_column_inner width=&#8221;1\/2&#8243;][vc_column_text]<\/p>\n<h2>Jos\u00e9 Mar\u00eda Mariscal<\/h2>\n<p>Jose Mar\u00eda Mariscal jest <strong>za\u0142o\u017cycielem Bona Fide Costa<\/strong> i jednym z <strong>pionier\u00f3w w tworzeniu agencji nieruchomo\u015bci w La Cala de Mijas.<\/strong><\/p>\n<p>Dzi\u0119ki ponad <strong>23-letniemu do\u015bwiadczeniu<\/strong> w sektorze nieruchomo\u015bci, Jose Mar\u00eda zdoby\u0142 zaufanie wielu klient\u00f3w dzi\u0119ki <strong>doskona\u0142ej znajomo\u015bci lokalnego rynku<\/strong> i umiej\u0119tno\u015bci skutecznego zamykania transakcji.<\/p>\n<p>Jego <strong>strategiczna wizja<\/strong> i<strong> koncentracja na obs\u0142udze klienta<\/strong> by\u0142y kluczem do sukcesu naszej firmy. Dzi\u0119ki swojej trajektorii uda\u0142o mu si\u0119 stworzy\u0107 sie\u0107 kontakt\u00f3w i wsp\u00f3\u0142pracownik\u00f3w, kt\u00f3ra pozwala nam oferowa\u0107 naszym klientom szeroki wyb\u00f3r nieruchomo\u015bci.<\/p>\n<p>Jego rozleg\u0142a wiedza na temat rynku nieruchomo\u015bci i jego zaanga\u017cowanie w doskona\u0142o\u015b\u0107 doprowadzi\u0142y nasz\u0105 firm\u0119 do przekroczenia nawet najbardziej wymagaj\u0105cych oczekiwa\u0144.[\/vc_column_text][vc_btn title=&#8221;Skontaktuj si\u0119 z Jose&#8221; color=&#8221;info&#8221; i_icon_fontawesome=&#8221;fas fa-envelope&#8221; add_icon=&#8221;true&#8221; link=&#8221;url:mailto%3Ainfo%40mijas.new.leeepc|title:Real%20Estate%20Mijas%20contact&#8221;][\/vc_column_inner][\/vc_row_inner][vc_row_inner rtl_reverse=&#8221;yes&#8221;][vc_column_inner width=&#8221;1\/2&#8243;][vc_single_image image=&#8221;208398&#8243; img_size=&#8221;large&#8221;][\/vc_column_inner][vc_column_inner width=&#8221;1\/2&#8243;][vc_column_text]<\/p>\n<h2>Daniel Mariscal<\/h2>\n<p>Daniel Mariscal jest jednym z naszych agent\u00f3w nieruchomo\u015bci specjalizuj\u0105cy si\u0119 w rejonie Mijas z 7-letnim do\u015bwiadczeniem w tym sektorze.<\/p>\n<p>Jego bieg\u0142a znajomo\u015b\u0107 j\u0119zyka hiszpa\u0144skiego i angielskiego sprawia, \u017ce doskonale komunikuje si\u0119 ze swoimi klientami i pozwala mu zapewni\u0107 spersonalizowan\u0105 obs\u0142ug\u0119 kupuj\u0105cym i sprzedaj\u0105cym wszystkich narodowo\u015bci.<\/p>\n<p>Daniel jest znany ze swojej <strong>uprzejmo\u015bci, uczciwo\u015bci i przejrzysto\u015bci<\/strong> we wszystkich swoich transakcjach.<\/p>\n<p>Jego celem jest znalezienie idealnej nieruchomo\u015bci dla ka\u017cdego ze swoich klient\u00f3w, a w tym celu po\u015bwi\u0119ca si\u0119 dok\u0142adnemu badaniu rynku i byciu na bie\u017c\u0105co z najnowszymi trendami i osi\u0105gni\u0119ciami w sektorze nieruchomo\u015bci.<\/p>\n<p>Ponadto jego do\u015bwiadczenie w marketingu ukierunkowanym na nieruchomo\u015bci pozwala mu oferowa\u0107 swoim klientom <strong>kompleksowe i skuteczne us\u0142ugi<\/strong>.[\/vc_column_text][vc_btn title=&#8221;Wy\u015blij mu wiadomo\u015b\u0107 na Whatsapp!&#8221; color=&#8221;success&#8221; i_icon_fontawesome=&#8221;fab fa-whatsapp&#8221; add_icon=&#8221;true&#8221; link=&#8221;url:https%3A%2F%2Fapi.whatsapp.com%2Fmessage%2FOVFYE644BS7MA1%3Fautoload%3D1%26app_absent%3D0|title:WhatsApp%20Real%20Estate%20Mijas&#8221;][\/vc_column_inner][\/vc_row_inner][\/vc_column][\/vc_row][vc_row][vc_column][vc_column_text]<\/p>\n<h2>Zacznij z nami poszukiwania swojego nowego domu<\/h2>\n<p>Na naszej stronie internetowej mo\u017cna znale\u017a\u0107 szeroki wyb\u00f3r nieruchomo\u015bci na sprzeda\u017c w r\u00f3\u017cnych obszarach Costa del Sol.<\/p>\n<p>W zak\u0142adce\u00a0 <strong><a href=\"https:\/\/realestatemijas.com\/property-sales\/\">nieruchomo\u015bci na sprzeda\u017c<\/a><\/strong> , najdziesz\u00a0 funkcje do przegl\u0105dania i filtrowania nieruchomo\u015bci w r\u00f3\u017cnych obszarach, takich jak mi\u0119dzy innymi Mijas, Marbella, Fuengirola.<\/p>\n<p>Ponadto mo\u017cna r\u00f3wnie\u017c wyszukiwa\u0107 nieruchomo\u015bci wed\u0142ug typu, ceny i okre\u015blonych funkcji.<\/p>\n<p>Je\u015bli znajdziesz interesuj\u0105c\u0105 Ci\u0119 nieruchomo\u015b\u0107, mo\u017cesz skontaktowa\u0107 si\u0119 z nami za po\u015brednictwem formularza kontaktowego lub wys\u0142a\u0107 wiadomo\u015b\u0107 e-mail z numerem referencyjnym interesuj\u0105cej Ci\u0119 nieruchomo\u015bci.<\/p>\n<p>Dostarczymy Ci wszystkich niezb\u0119dnych informacji, kt\u00f3re pomog\u0105 Ci w poszukiwaniach i podj\u0119ciu \u015bwiadomej decyzji.<\/p>\n<p>Mo\u017cesz r\u00f3wnie\u017c u\u017cy\u0107 poni\u017cszych link\u00f3w<\/p>\n<ul class=\"buttons\">\n<li><a href=\"https:\/\/realestatemijas.com\/properties\/la-cala-de-mijas\/\">Nieruchomo\u015bci w La Cala de Mijas<\/a><\/li>\n<li><a href=\"https:\/\/realestatemijas.com\/properties\/marbella\/villas\/\">Willa w Marbelli<\/a><\/li>\n<li><a href=\"https:\/\/realestatemijas.com\/properties\/marbella\/\">Properties in Marbella<\/a><\/li>\n<li><a href=\"https:\/\/realestatemijas.com\/properties-for-sale-in-el-chaparral\/\">Nieruchomo\u015bci w El Chaparral<\/a><\/li>\n<li><a href=\"https:\/\/realestatemijas.com\/properties\/mijas\/\">Nieruchomo\u015bci w Mijas<\/a><\/li>\n<li><a href=\"https:\/\/realestatemijas.com\/new-developments\/\">Nowe projekty deweloperskie na Costa del Sol<\/a><\/li>\n<li><a href=\"https:\/\/realestatemijas.com\/properties\/mijas\/apartments\/\">Apartament w Mijas<\/a><\/li>\n<li><a href=\"https:\/\/realestatemijas.com\/properties\/\">Nieruchomo\u015bci miesi\u0105ca<\/a><\/li>\n<li><a href=\"https:\/\/realestatemijas.com\/properties\/mijas\/villas\/\">Willa w Mijas<\/a><\/li>\n<\/ul>\n<p>[\/vc_column_text][\/vc_column][\/vc_row][vc_row][vc_column][vc_gmaps link=&#8221;#E-8_JTNDaWZyYW1lJTIwc3JjJTNEJTIyaHR0cHMlM0ElMkYlMkZ3d3cuZ29vZ2xlLmNvbSUyRm1hcHMlMkZlbWJlZCUzRnBiJTNEJTIxMW0xOCUyMTFtMTIlMjExbTMlMjExZDEyODI3Ljc3NzY4NTMyNjQ3MSUyMTJkLTQuNjc2MDQwNDQ5OTk5OTk5NSUyMTNkMzYuNTA3MjAzNyUyMTJtMyUyMTFmMCUyMTJmMCUyMTNmMCUyMTNtMiUyMTFpMTAyNCUyMTJpNzY4JTIxNGYxMy4xJTIxM20zJTIxMW0yJTIxMXMweGQ3MzFlMzEwZDhmMjVlMSUyNTNBMHgyZDY0OTYyZWIzOTI3MDdiJTIxMnNCb25hJTI1MjBGaWRlJTI1MjBDb3N0YSUyNTIwJTI1N0MlMjUyMFJlYWwlMjUyMEVzdGF0ZSUyNTIwTGElMjUyMENhbGElMjUyMGRlJTI1MjBNaWphcyUyNTIwJTI1N0MlMjUyMERvbG9yZXMlMjUyMFBlcnVqbyUyNTIwTGF3eWVyJTIxNWUwJTIxM20yJTIxMXNlcyUyMTJzZXMlMjE0djE2NzkzOTI0NjcxNjQlMjE1bTIlMjExc2VzJTIxMnNlcyUyMiUyMHdpZHRoJTNEJTIyNjAwJTIyJTIwaGVpZ2h0JTNEJTIyNDUwJTIyJTIwc3R5bGUlM0QlMjJib3JkZXIlM0EwJTNCJTIyJTIwYWxsb3dmdWxsc2NyZWVuJTNEJTIyJTIyJTIwbG9hZGluZyUzRCUyMmxhenklMjIlMjByZWZlcnJlcnBvbGljeSUzRCUyMm5vLXJlZmVycmVyLXdoZW4tZG93bmdyYWRlJTIyJTNFJTNDJTJGaWZyYW1lJTNF&#8221; title=&#8221;Where we are&#8221;][\/vc_column][\/vc_row]<\/p>\n","protected":false},"excerpt":{"rendered":"<p>[vc_row][vc_column][vc_column_text] Poznaj nas bli\u017cej! [\/vc_column_text][vc_row_inner content_placement=&#8221;middle&#8221;][vc_column_inner][vc_column_text] Nasze biuro nieruchomo\u015bci w la Cala de Mijas Witamy w naszej licencjinowanej agencji nieruchomo\u015bci, z ponad 20-letnim do\u015bwiadczeniem w sprzeda\u017cy i kupnie nieruchomo\u015bci na Costa del Sol. Jeste\u015bmy dumni z tego, \u017ce jeste\u015bmy firm\u0105 o ugruntowanej pozycji w La [&hellip;]<\/p>\n","protected":false},"author":3,"featured_media":0,"parent":0,"menu_order":0,"comment_status":"closed","ping_status":"closed","template":"","meta":{"footnotes":""},"class_list":["post-824389","page","type-page","status-publish","hentry"],"_links":{"self":[{"href":"https:\/\/realestatemijas.com\/pl\/wp-json\/wp\/v2\/pages\/824389","targetHints":{"allow":["GET"]}}],"collection":[{"href":"https:\/\/realestatemijas.com\/pl\/wp-json\/wp\/v2\/pages"}],"about":[{"href":"https:\/\/realestatemijas.com\/pl\/wp-json\/wp\/v2\/types\/page"}],"author":[{"embeddable":true,"href":"https:\/\/realestatemijas.com\/pl\/wp-json\/wp\/v2\/users\/3"}],"replies":[{"embeddable":true,"href":"https:\/\/realestatemijas.com\/pl\/wp-json\/wp\/v2\/comments?post=824389"}],"version-history":[{"count":0,"href":"https:\/\/realestatemijas.com\/pl\/wp-json\/wp\/v2\/pages\/824389\/revisions"}],"wp:attachment":[{"href":"https:\/\/realestatemijas.com\/pl\/wp-json\/wp\/v2\/media?parent=824389"}],"curies":[{"name":"wp","href":"https:\/\/api.w.org\/{rel}","templated":true}]}}