{"id":888886,"date":"2022-12-29T16:58:36","date_gmt":"2022-12-29T15:58:36","guid":{"rendered":"https:\/\/realestatemijas.com\/propiedades\/mijas-2\/apartments\/"},"modified":"2024-09-13T20:14:40","modified_gmt":"2024-09-13T18:14:40","slug":"apartments","status":"publish","type":"page","link":"https:\/\/realestatemijas.com\/es\/viviendas\/mijas\/apartments\/","title":{"rendered":"Apartmentos en venta en Mijas, Costa del Sol"},"content":{"rendered":"<p>[vc_row][vc_column][vc_custom_heading text=\u00bbApartmentos en venta en \u00e1rea de Mijas, Costa del Sol\u00bb font_container=\u00bbtag:h1|text_align:center\u00bb use_theme_fonts=\u00bbyes\u00bb][\/vc_column][\/vc_row][vc_row][vc_column width=\u00bb1\/3&#8243;][vc_column_text]<\/p>\n<h2>Apartamentos en Mijas<\/h2>\n<p>Mijas, un hermoso pueblo en la costa de M\u00e1laga, ofrece una amplia variedad de apartamentos en venta para satisfacer las necesidades y gustos de todos.<\/p>\n<p><strong>Desde modernos estudios hasta espaciosos \u00e1ticos con vistas al mar.<\/strong><\/p>\n<p>Sea cual sea tu estilo de vida o presupuesto, <strong>hay un apartamento en Mijas que se adaptar\u00e1 a tus necesidades.<\/strong><\/p>\n<p>Con su clima c\u00e1lido y soleado durante todo el a\u00f1o, su impresionante costa y su vibrante escena cultural, Mijas es un lugar perfecto para vivir o tener una segunda residencia.<\/p>\n<p>Aqu\u00ed hay algunos de los tipos de apartamentos que puedes encontrar en Mijas:<\/p>\n<h3>Desliza para ver todos los apartamentos<\/h3>\n<p>[\/vc_column_text][\/vc_column][vc_column width=\u00bb1\/3&#8243;][vc_column_text]<\/p>\n<h2>\u00bfPor qu\u00e9 comprar un apartamento en Mijas?<\/h2>\n<p><a href=\"https:\/\/es.wikipedia.org\/wiki\/Mijas\" target=\"_blank\" rel=\"noopener\">Mijas<\/a> es un hermoso pueblo costero en la provincia de M\u00e1laga, conocido por su clima c\u00e1lido y impresionantes vistas al mar.<\/p>\n<p>Con una amplia variedad de opciones de estilo de vida, desde playas tranquilas hasta escenas urbanas animadas, es el lugar perfecto para aquellos que buscan un refugio costero o un lugar para vivir.<\/p>\n<p><strong>Otra raz\u00f3n para comprar un apartamento en Mijas es su gran potencial de inversi\u00f3n.<\/strong><\/p>\n<p>El pueblo es muy popular entre los turistas, por lo que los propietarios de apartamentos pueden alquilar sus propiedades durante los meses de verano y obtener una buena rentabilidad.<\/p>\n<p>Adem\u00e1s, el precio de los apartamentos en esta zona ha aumentado significativamente en los \u00faltimos a\u00f1os, lo que lo convierte en una excelente opci\u00f3n de inversi\u00f3n a largo plazo.<\/p>\n<p>En resumen, la venta de apartamentos en Mijas es una excelente opci\u00f3n para aquellos que buscan un refugio costero, un lugar para vivir o una inversi\u00f3n a largo plazo.<\/p>\n<p>Con su clima c\u00e1lido, <strong>impresionantes vistas al mar y gran oferta de servicios y comodidades, Mijas es el lugar perfecto para disfrutar de la vida costera.<\/strong>[\/vc_column_text][\/vc_column][vc_column width=\u00bb1\/3&#8243;][vc_column_text]<\/p>\n<h2>Otras propiedades en Mijas<\/h2>\n<p>Adem\u00e1s de los apartamentos, en Mijas encontrar\u00e1s otros tipos de propiedades en venta, por lo que te recomendamos que eches un vistazo a nuestras p\u00e1ginas.<\/p>\n<p>Estamos seguros de que encontrar\u00e1s la casa que necesitas.<\/p>\n<p>Descubre la amplia gama de propiedades en venta en Mijas:<\/p>\n<p>Desde lujosas villas hasta modernos apartamentos, amplias fincas, terrenos edificables, \u00e1ticos y nuevos desarrollos.<\/p>\n<p>Tu hogar de ensue\u00f1o te espera.<\/p>\n<p><a class=\"button\" href=\"https:\/\/realestatemijas.com\/es\/propiedades\/mijas\/villas\/\">villas en Mijas<\/a><\/p>\n<p><a class=\"button\" href=\"https:\/\/realestatemijas.com\/es\/propiedades\/mijas\/\">PROPIEDADES EN VENTA EN MIJAS<\/a>[\/vc_column_text][\/vc_column][\/vc_row]<\/p>\n","protected":false},"excerpt":{"rendered":"<p>[vc_row][vc_column][vc_custom_heading text=\u00bbApartmentos en venta en \u00e1rea de Mijas, Costa del Sol\u00bb font_container=\u00bbtag:h1|text_align:center\u00bb use_theme_fonts=\u00bbyes\u00bb][\/vc_column][\/vc_row][vc_row][vc_column width=\u00bb1\/3&#8243;][vc_column_text] Apartamentos en Mijas Mijas, un hermoso pueblo en la costa de M\u00e1laga, ofrece una amplia variedad de apartamentos en venta para satisfacer las necesidades y gustos de todos. Desde modernos estudios [&hellip;]<\/p>\n","protected":false},"author":3,"featured_media":15627,"parent":888875,"menu_order":1,"comment_status":"closed","ping_status":"closed","template":"template-property.php","meta":{"footnotes":""},"class_list":["post-888886","page","type-page","status-publish","has-post-thumbnail","hentry"],"_links":{"self":[{"href":"https:\/\/realestatemijas.com\/es\/wp-json\/wp\/v2\/pages\/888886","targetHints":{"allow":["GET"]}}],"collection":[{"href":"https:\/\/realestatemijas.com\/es\/wp-json\/wp\/v2\/pages"}],"about":[{"href":"https:\/\/realestatemijas.com\/es\/wp-json\/wp\/v2\/types\/page"}],"author":[{"embeddable":true,"href":"https:\/\/realestatemijas.com\/es\/wp-json\/wp\/v2\/users\/3"}],"replies":[{"embeddable":true,"href":"https:\/\/realestatemijas.com\/es\/wp-json\/wp\/v2\/comments?post=888886"}],"version-history":[{"count":0,"href":"https:\/\/realestatemijas.com\/es\/wp-json\/wp\/v2\/pages\/888886\/revisions"}],"up":[{"embeddable":true,"href":"https:\/\/realestatemijas.com\/es\/wp-json\/wp\/v2\/pages\/888875"}],"wp:featuredmedia":[{"embeddable":true,"href":"https:\/\/realestatemijas.com\/es\/wp-json\/wp\/v2\/media\/15627"}],"wp:attachment":[{"href":"https:\/\/realestatemijas.com\/es\/wp-json\/wp\/v2\/media?parent=888886"}],"curies":[{"name":"wp","href":"https:\/\/api.w.org\/{rel}","templated":true}]}}