{"id":2561,"date":"2022-11-25T17:47:39","date_gmt":"2022-11-25T16:47:39","guid":{"rendered":"https:\/\/realestatemijas.com\/legal-terms\/"},"modified":"2023-02-01T17:01:45","modified_gmt":"2023-02-01T16:01:45","slug":"terminos-legales","status":"publish","type":"page","link":"https:\/\/realestatemijas.com\/es\/terminos-legales\/","title":{"rendered":"T\u00e9rminos legales"},"content":{"rendered":"<p>[vc_row][vc_column width=\u00bb2\/3&#8243;][vc_column_text css=\u00bb.vc_custom_1673543923173{margin-top: 40px !important;}\u00bb]<\/p>\n<h2><strong>TERMS<\/strong> &amp; CONDITIONS<\/h2>\n<p><strong>By accessing and using this Website, you accept the terms and conditions set down<\/strong><br \/>\n<strong>hereunder without limitation or qualification.<\/strong><\/p>\n<p>The following website (mijas.new.leeepc) is the property of BONA FIDE COSTA S.L . In compliance with Article 10 of Law 34\/2002, of Services of the Society of Information, the identifying details of the owner of the page are:<\/p>\n<ul>\n<li><strong>Titular:<\/strong> Bona Fide Costa S.L.<\/li>\n<li><strong>NIF:<\/strong> B92086008<br \/>\nInscrita en el registro mercantil de M\u00e1laga, tomo 2438, libro 1351, secci\u00f3n 8, folio 106,<br \/>\nhoja MA39310, inscripci\u00f3n 1.<\/li>\n<li><strong>Domicilio:<\/strong> Calle C\u00e1rtama 25, 29649, La Cala de Mijas, M\u00e1laga &#8211; Espa\u00f1a.<\/li>\n<li><strong>Correo electr\u00f3nico:<\/strong> info@bonafidecosta.com<\/li>\n<li><strong>Tel\u00e9fono de contacto:<\/strong> 623063303<\/li>\n<li><strong>Sitio Web:<\/strong> <a href=\"https:\/\/realestatemijas.com\">https:\/\/realestatemijas.com<\/a><\/li>\n<\/ul>\n<h2>Purpose<\/h2>\n<p>The purpose of the Website is: Services relating to real estate and industrial property.<\/p>\n<h2>Terms and Conditions of Use<\/h2>\n<p>The use of the Website grants you the status of User, and implies full acceptance of all the clauses and conditions of use included in the pages:<\/p>\n<ul class=\"buttons\">\n<li><a href=\"\/legal-terms\/\">Legal Notice<\/a><\/li>\n<li><a href=\"\/privacy-policy\">Privacy Policy<\/a><\/li>\n<li><a href=\"\/cookies-policy\/\">Cookies Policy<\/a><\/li>\n<\/ul>\n<p>If you do not agree with each and every one of these clauses and conditions, please refrain from using the Website.<\/p>\n<p>Access to the Website does not imply, in any way, the beginning of a commercial relationship with the Owner.<\/p>\n<p>Through the Website, the Proprietor provides you with access to and use of various contents that the Proprietor and\/or its collaborators have published on the Internet.<\/p>\n<p>To this end, you are obliged and committed NOT to use any of the contents of the Website for illegal purposes or effects, prohibited in this Legal Notice or by law, harmful to the rights and<br \/>\ninterests of others, or in any way damage, disable, overburden, impair or impede the normal use of the contents, computer equipment or documents, files and all kinds of content stored on any computer equipment owned or contracted by the Holder, other users or any Internet user.<\/p>\n<h2>Security measures<\/h2>\n<p>The personal data you provide to the Holder may be stored in automated databases or not, whose ownership corresponds exclusively to the Holder, who assumes all technical, organizational and security measures to ensure the confidentiality, integrity and quality of the information contained therein in accordance with the provisions of current legislation on data protection.<\/p>\n<p>However, you should be aware that the security measures of computer systems on the Internet are not entirely reliable and that, therefore, the Holder cannot guarantee the absence of viruses or other elements that may cause alterations in the User&#8217;s computer systems (software and hardware) or in its electronic documents and files contained therein, although the Holder makes every effort and takes the necessary security measures to avoid the presence of these harmful elements.<\/p>\n<h2>Processing of Personal Data<\/h2>\n<p>You can consult all the information relating to the processing of personal data collected by the Holder on the Privacy Policy page.<\/p>\n<h2>Contents<\/h2>\n<p>The Holder has obtained the information, multimedia content and materials included in the Website from sources it considers reliable, but, although it has taken all reasonable measures to ensure that the information contained is correct, the Holder does not guarantee that it is accurate, complete or up to date. The Proprietor expressly disclaims any liability for errors or omissions in the information contained in the pages of the Website.<\/p>\n<p>It is forbidden to transmit or send through the Website any illegal or illicit content, computer viruses, or messages that, in general, affect or violate the rights of the Owner or third parties.<\/p>\n<p>The contents of the Website are for informational purposes only and under no circumstances should be used or considered as an offer to sell, solicitation of an offer to buy or recommendation to perform any other transaction, unless expressly stated.<\/p>\n<p>The Proprietor reserves the right to modify, suspend, cancel or restrict the content of the Website, links or information obtained through the Website, without prior notice.<\/p>\n<p>The Proprietor is not liable for any damages that may arise from the use of the information on the Website or that contained in the social networks of the Proprietor.<\/p>\n<h2>Cookies policy<\/h2>\n<p>You can consult all the information relating to the policy on the collection and processing of cookies on the <a href=\"https:\/\/realestatemijas.com\/cookies-policy\/\">Cookie Policy<\/a> page.<\/p>\n<h2>Links to other websites<\/h2>\n<p>The Owner may provide you with access to third-party websites by means of links with the sole purpose of informing you of the existence of other sources of information on the Internet where you can find further information about the data offered on the Website. These links to other websites are in no way a suggestion or recommendation for you to visit the destination websites, which are beyond the control of the Holder, and the Holder is therefore not responsible for the content of the linked websites or for the result you obtain by.[\/vc_column_text][\/vc_column][vc_column width=\u00bb1\/3&#8243;][\/vc_column][\/vc_row]<\/p>\n","protected":false},"excerpt":{"rendered":"<p>[vc_row][vc_column width=\u00bb2\/3&#8243;][vc_column_text css=\u00bb.vc_custom_1673543923173{margin-top: 40px !important;}\u00bb] TERMS &amp; CONDITIONS By accessing and using this Website, you accept the terms and conditions set down hereunder without limitation or qualification. The following website (mijas.new.leeepc) is the property of BONA FIDE COSTA S.L . In compliance with Article 10 [&hellip;]<\/p>\n","protected":false},"author":3,"featured_media":0,"parent":0,"menu_order":100,"comment_status":"closed","ping_status":"open","template":"","meta":{"footnotes":""},"class_list":["post-2561","page","type-page","status-publish","hentry"],"_links":{"self":[{"href":"https:\/\/realestatemijas.com\/es\/wp-json\/wp\/v2\/pages\/2561","targetHints":{"allow":["GET"]}}],"collection":[{"href":"https:\/\/realestatemijas.com\/es\/wp-json\/wp\/v2\/pages"}],"about":[{"href":"https:\/\/realestatemijas.com\/es\/wp-json\/wp\/v2\/types\/page"}],"author":[{"embeddable":true,"href":"https:\/\/realestatemijas.com\/es\/wp-json\/wp\/v2\/users\/3"}],"replies":[{"embeddable":true,"href":"https:\/\/realestatemijas.com\/es\/wp-json\/wp\/v2\/comments?post=2561"}],"version-history":[{"count":0,"href":"https:\/\/realestatemijas.com\/es\/wp-json\/wp\/v2\/pages\/2561\/revisions"}],"wp:attachment":[{"href":"https:\/\/realestatemijas.com\/es\/wp-json\/wp\/v2\/media?parent=2561"}],"curies":[{"name":"wp","href":"https:\/\/api.w.org\/{rel}","templated":true}]}}